{"id":1078,"date":"2020-12-26T11:44:39","date_gmt":"2020-12-26T08:44:39","guid":{"rendered":"http:\/\/uzmanaluminyum.com\/?page_id=1078"},"modified":"2024-06-07T12:47:20","modified_gmt":"2024-06-07T09:47:20","slug":"hakkimizda","status":"publish","type":"page","link":"https:\/\/uzmanaluminyum.com\/index.php\/hakkimizda\/","title":{"rendered":"Hakk\u0131m\u0131zda"},"content":{"rendered":"\t\t<div data-elementor-type=\"wp-page\" data-elementor-id=\"1078\" class=\"elementor elementor-1078\">\n\t\t\t\t<div class=\"elementor-element elementor-element-edca01a e-flex e-con-boxed e-con e-parent\" data-id=\"edca01a\" data-element_type=\"container\">\n\t\t\t\t\t<div class=\"e-con-inner\">\n\t\t\t\t<div class=\"elementor-element elementor-element-4c27751 elementor-widget elementor-widget-video\" data-id=\"4c27751\" data-element_type=\"widget\" data-settings=\"{&quot;youtube_url&quot;:&quot;https:\\\/\\\/www.youtube.com\\\/watch?v=DpUQfbnp9k4&quot;,&quot;video_type&quot;:&quot;youtube&quot;,&quot;controls&quot;:&quot;yes&quot;}\" data-widget_type=\"video.default\">\n\t\t\t\t<div class=\"elementor-widget-container\">\n\t\t\t<style>\/*! elementor - v3.22.0 - 05-06-2024 *\/\n.elementor-widget-video .elementor-widget-container{overflow:hidden;transform:translateZ(0)}.elementor-widget-video .elementor-wrapper{aspect-ratio:var(--video-aspect-ratio)}.elementor-widget-video .elementor-wrapper iframe,.elementor-widget-video .elementor-wrapper video{height:100%;width:100%;display:flex;border:none;background-color:#000}@supports not (aspect-ratio:1\/1){.elementor-widget-video .elementor-wrapper{position:relative;overflow:hidden;height:0;padding-bottom:calc(100% \/ var(--video-aspect-ratio))}.elementor-widget-video .elementor-wrapper iframe,.elementor-widget-video .elementor-wrapper video{position:absolute;top:0;right:0;bottom:0;left:0}}.elementor-widget-video .elementor-open-inline .elementor-custom-embed-image-overlay{position:absolute;top:0;right:0;bottom:0;left:0;background-size:cover;background-position:50%}.elementor-widget-video .elementor-custom-embed-image-overlay{cursor:pointer;text-align:center}.elementor-widget-video .elementor-custom-embed-image-overlay:hover .elementor-custom-embed-play i{opacity:1}.elementor-widget-video .elementor-custom-embed-image-overlay img{display:block;width:100%;aspect-ratio:var(--video-aspect-ratio);-o-object-fit:cover;object-fit:cover;-o-object-position:center center;object-position:center center}@supports not (aspect-ratio:1\/1){.elementor-widget-video .elementor-custom-embed-image-overlay{position:relative;overflow:hidden;height:0;padding-bottom:calc(100% \/ var(--video-aspect-ratio))}.elementor-widget-video .elementor-custom-embed-image-overlay img{position:absolute;top:0;right:0;bottom:0;left:0}}.elementor-widget-video .e-hosted-video .elementor-video{-o-object-fit:cover;object-fit:cover}.e-con-inner>.elementor-widget-video,.e-con>.elementor-widget-video{width:var(--container-widget-width);--flex-grow:var(--container-widget-flex-grow)}<\/style>\t\t<div class=\"elementor-wrapper elementor-open-inline\">\n\t\t\t<div class=\"elementor-video\"><\/div>\t\t<\/div>\n\t\t\t\t<\/div>\n\t\t\t\t<\/div>\n\t\t\t\t\t<\/div>\n\t\t\t\t<\/div>\n\t\t\t\t<section class=\"elementor-section elementor-top-section elementor-element elementor-element-7a2ed98d elementor-section-boxed elementor-section-height-default elementor-section-height-default\" data-id=\"7a2ed98d\" data-element_type=\"section\">\n\t\t\t\t\t\t<div class=\"elementor-container elementor-column-gap-default\">\n\t\t\t\t\t<div class=\"elementor-column elementor-col-100 elementor-top-column elementor-element elementor-element-30f8968b\" data-id=\"30f8968b\" data-element_type=\"column\">\n\t\t\t<div class=\"elementor-widget-wrap elementor-element-populated\">\n\t\t\t\t\t\t<div class=\"elementor-element elementor-element-0e02d8e elementor-widget elementor-widget-text-editor\" data-id=\"0e02d8e\" data-element_type=\"widget\" data-widget_type=\"text-editor.default\">\n\t\t\t\t<div class=\"elementor-widget-container\">\n\t\t\t<style>\/*! elementor - v3.22.0 - 05-06-2024 *\/\n.elementor-widget-text-editor.elementor-drop-cap-view-stacked .elementor-drop-cap{background-color:#69727d;color:#fff}.elementor-widget-text-editor.elementor-drop-cap-view-framed .elementor-drop-cap{color:#69727d;border:3px solid;background-color:transparent}.elementor-widget-text-editor:not(.elementor-drop-cap-view-default) .elementor-drop-cap{margin-top:8px}.elementor-widget-text-editor:not(.elementor-drop-cap-view-default) .elementor-drop-cap-letter{width:1em;height:1em}.elementor-widget-text-editor .elementor-drop-cap{float:left;text-align:center;line-height:1;font-size:50px}.elementor-widget-text-editor .elementor-drop-cap-letter{display:inline-block}<\/style>\t\t\t\t<h6>Uzman Al\u00fcminyum, 2002 y\u0131l\u0131nda Muharrem DO\u011eAN taraf\u0131ndan \u015fah\u0131s \u015firketi olarak kurulmu\u015f olup 2014 y\u0131l\u0131nda, hizmetlerine limited \u015firket olarak devam etmektedir. Al\u00fcminyum, Pvc ve \u00c7elik Kap\u0131 sekt\u00f6r\u00fcnde faaliyet g\u00f6stermektedir.&nbsp;<\/h6>\n<h6>Kurulu\u015fumuzdan bu yana, m\u00fc\u015fterilerimize yenilik\u00e7i ve kaliteli \u00e7\u00f6z\u00fcmler sunma misyonuyla hareket etmekteyiz.<\/h6>\n<h2><u>Misyonumuz:<\/u>&nbsp;<\/h2>\n<h6>Uzman Al\u00fcminyum olarak misyonumuz, m\u00fc\u015fterilerimizin ihtiya\u00e7lar\u0131n\u0131 en iyi \u015fekilde kar\u015f\u0131layarak, onlara de\u011fer katan ve hayatlar\u0131n\u0131 kolayla\u015ft\u0131ran \u00fcr\u00fcnler ve hizmetler sunmakt\u0131r. Bu do\u011frultuda, s\u00fcrekli olarak kendimizi yenileyerek ve teknolojik geli\u015fmeleri yak\u0131ndan takip ederek sekt\u00f6rdeki lider konumumuzu korumaktay\u0131z.<\/h6>\n<h2>V<u>izyonumuz:<\/u><\/h2>\n<h6>S\u00fcrd\u00fcr\u00fclebilir b\u00fcy\u00fcme ve inovasyon ile m\u00fc\u015fterilerimizin ve payda\u015flar\u0131m\u0131z\u0131n beklentilerini a\u015farak, topluma ve \u00e7evreye katk\u0131da bulunmakt\u0131r.<\/h6>\n<h2><u>Hizmetlerimiz\/\u00dcr\u00fcnlerimiz:<\/u><\/h2>\n<h6>Al\u00fcminyum Do\u011frama \u0130malat\u0131: Son teknoloji makinelerle al\u00fcminyum kesim ve i\u015fleme ve montaj<\/h6>\n<h6>Katlan\u0131r Cam imalat\u0131: Sekt\u00f6r\u00fcn \u00f6nde gelen markalar\u0131n\u0131n imalat\u0131<\/h6>\n<h6>\u00c7elik Kap\u0131 Bayili\u011fi: Sekt\u00f6r\u00fcn \u00f6nde gelen \u00e7elik kap\u0131 markalar\u0131n\u0131n sat\u0131\u015f\u0131<\/h6>\n<h2><u>De\u011ferlerimiz:<\/u><\/h2>\n<h2><u>M\u00fc\u015fteri Odakl\u0131l\u0131k:&nbsp;<\/u><\/h2>\n<h6>M\u00fc\u015fterilerimizin ihtiya\u00e7 ve beklentilerini anlamak ve onlara en iyi \u00e7\u00f6z\u00fcmleri sunmak \u00f6nceli\u011fimizdir.<\/h6>\n<h2>K<u>alite:&nbsp;<\/u><\/h2>\n<h6>\u00dcr\u00fcn ve hizmetlerimizde en y\u00fcksek kalite standartlar\u0131n\u0131 korumaya \u00f6zen g\u00f6steririz.<\/h6>\n<h2>\u0130no<u>vasyon:&nbsp;<\/u><\/h2>\n<h6>S\u00fcrekli geli\u015fim ve yenilik\u00e7ilik anlay\u0131\u015f\u0131yla \u00e7al\u0131\u015f\u0131r\u0131z.<\/h6>\n<h2>S<u>\u00fcrd\u00fcr\u00fclebilirlik:<\/u><\/h2>\n<h6>\u00c7evresel ve sosyal sorumluluklar\u0131m\u0131z\u0131n bilincinde hareket ederiz.<\/h6>\n<h2>E<u>kibimiz:<\/u><\/h2>\n<h6>Uzman Al\u00fcminyum, alan\u0131nda uzman ve deneyimli bir ekip ile \u00e7al\u0131\u015fmaktad\u0131r. Ekibimiz, profesyonel yetkinliklerini s\u00fcrekli olarak geli\u015ftirmekte ve m\u00fc\u015fterilerimize en iyi hizmeti sunmak i\u00e7in \u00e7aba g\u00f6stermektedir.<\/h6>\n<h6>\u0130leti\u015fim:Daha fazla bilgi i\u00e7in 05326834967 numaral\u0131 telefondan ve info@uzmanalm.com e-posta adresinden bizimle ileti\u015fime ge\u00e7ebilirsiniz.<\/h6>\n<h6>\u00c7al\u0131\u015fma Saatlerimiz: Pazar g\u00fcn\u00fc hari\u00e7 haftan\u0131n her g\u00fcn\u00fc 08:00 ile 18:00 aras\u0131nda hizmetinizdeyiz.<\/h6>\n<h6>&nbsp;<\/h6>\t\t\t\t\t\t<\/div>\n\t\t\t\t<\/div>\n\t\t\t\t<div class=\"elementor-element elementor-element-07ae538 elementor-widget elementor-widget-google_maps\" data-id=\"07ae538\" data-element_type=\"widget\" data-widget_type=\"google_maps.default\">\n\t\t\t\t<div class=\"elementor-widget-container\">\n\t\t\t<style>\/*! elementor - v3.22.0 - 05-06-2024 *\/\n.elementor-widget-google_maps .elementor-widget-container{overflow:hidden}.elementor-widget-google_maps .elementor-custom-embed{line-height:0}.elementor-widget-google_maps iframe{height:300px}<\/style>\t\t<div class=\"elementor-custom-embed\">\n\t\t\t<iframe loading=\"lazy\"\n\t\t\t\t\tsrc=\"https:\/\/maps.google.com\/maps?q=S%C4%B1rr%C4%B1pa%C5%9Fa%20Mahallesi%20Vatan%20Caddesi%20No%2033%20Derince%20Kocaeli&#038;t=m&#038;z=10&#038;output=embed&#038;iwloc=near\"\n\t\t\t\t\ttitle=\"S\u0131rr\u0131pa\u015fa Mahallesi Vatan Caddesi No 33 Derince Kocaeli\"\n\t\t\t\t\taria-label=\"S\u0131rr\u0131pa\u015fa Mahallesi Vatan Caddesi No 33 Derince Kocaeli\"\n\t\t\t><\/iframe>\n\t\t<\/div>\n\t\t\t\t<\/div>\n\t\t\t\t<\/div>\n\t\t\t\t\t<\/div>\n\t\t<\/div>\n\t\t\t\t\t<\/div>\n\t\t<\/section>\n\t\t\t\t<\/div>\n\t\t","protected":false},"excerpt":{"rendered":"<p>https:\/\/www.youtube.com\/watch?v=DpUQfbnp9k4 Uzman Al\u00fcminyum, 2002 y\u0131l\u0131nda Muharrem DO\u011eAN taraf\u0131ndan \u015fah\u0131s \u015firketi olarak kurulmu\u015f olup 2014 y\u0131l\u0131nda, hizmetlerine limited \u015firket olarak devam etmektedir. Al\u00fcminyum, Pvc ve \u00c7elik Kap\u0131 sekt\u00f6r\u00fcnde faaliyet g\u00f6stermektedir.&nbsp; Kurulu\u015fumuzdan bu yana, m\u00fc\u015fterilerimize yenilik\u00e7i ve kaliteli \u00e7\u00f6z\u00fcmler sunma misyonuyla hareket etmekteyiz. Misyonumuz:&nbsp; Uzman Al\u00fcminyum olarak misyonumuz, m\u00fc\u015fterilerimizin ihtiya\u00e7lar\u0131n\u0131 en iyi \u015fekilde kar\u015f\u0131layarak, onlara de\u011fer katan [&hellip;]<\/p>\n","protected":false},"author":1,"featured_media":0,"parent":0,"menu_order":0,"comment_status":"closed","ping_status":"closed","template":"","meta":{"footnotes":""},"class_list":["post-1078","page","type-page","status-publish","hentry"],"blocksy_meta":[],"pwapp_after_post_content":"","pwapp_before_post_content":"","androapp_header":"","pwapp_author":{"ID":1,"name":"uzmalm","slug":"uzmalm"},"pwapp_terms":[],"pwapp_feed_image_dimension_type":"preview","pwapp_post_image":null,"share_image":null,"featured_image_showhide":"show","pwapp_excerpt":"<p>https:\/\/www.youtube.com\/watch?v=DpUQfbnp9k4 Uzman Al\u00fcminyum, 2002 y\u0131l\u0131nda Muharrem DO\u011eAN taraf\u0131ndan \u015fah\u0131s \u015firketi olarak kurulmu\u015f olup 2014 y\u0131l\u0131nda, hizmetlerine limited \u015firket olarak devam etmektedir. Al\u00fcminyum, Pvc ve \u00c7elik Kap\u0131 sekt\u00f6r\u00fcnde faaliyet g\u00f6stermektedir.&nbsp; Kurulu\u015fumuzdan bu yana, m\u00fc\u015fterilerimize yenilik\u00e7i ve kaliteli \u00e7\u00f6z\u00fcmler sunma misyonuyla hareket etmekteyiz. Misyonumuz:&nbsp; Uzman Al\u00fcminyum olarak misyonumuz, m\u00fc\u015fterilerimizin ihtiya\u00e7lar\u0131n\u0131 en iyi \u015fekilde kar\u015f\u0131layarak, onlara de\u011fer katan [&hellip;]<\/p>\n","pwapp_title":"Hakk\u0131m\u0131zda","androapp_image_list":[],"pwapp_post_content":"<style type=\"text\/css\">androapp img{\r\n    max-width: 100%;\r\n    height: auto;\r\n}\r\niframe{\r\n    max-width: 100%;    \r\n}\r\nfigure {\r\n    max-width: 100%;\r\n    height: auto;\r\n}\r\nimg{\r\n    max-width: 100% !important;\r\n    height: auto;\r\n}\r\ndiv {\r\n    max-width: 100% !important;\r\n}\r\nspan {\r\n    max-width:100%;\r\n    overflow: auto;\r\n}\r\naudio {\r\n    display:block;\r\n    visibility:visible !important;\r\n}\r\nvideo{\r\n    width:100%;\r\n    height:auto;\r\n}\r\n<\/style><div class='androapp'>\t\t<div data-elementor-type=\"wp-page\" data-elementor-id=\"1078\" class=\"elementor elementor-1078\">\n\t\t\t\t<div class=\"elementor-element elementor-element-edca01a e-flex e-con-boxed e-con e-parent\" data-id=\"edca01a\" data-element_type=\"container\">\n\t\t\t\t\t<div class=\"e-con-inner\">\n\t\t\t\t<div class=\"elementor-element elementor-element-4c27751 elementor-widget elementor-widget-video\" data-id=\"4c27751\" data-element_type=\"widget\" data-settings=\"{&quot;youtube_url&quot;:&quot;https:\\\/\\\/www.youtube.com\\\/watch?v=DpUQfbnp9k4&quot;,&quot;video_type&quot;:&quot;youtube&quot;,&quot;controls&quot;:&quot;yes&quot;}\" data-widget_type=\"video.default\">\n\t\t\t\t<div class=\"elementor-widget-container\">\n\t\t\t<style>\/*! elementor - v3.22.0 - 05-06-2024 *\/\n.elementor-widget-video .elementor-widget-container{overflow:hidden;transform:translateZ(0)}.elementor-widget-video .elementor-wrapper{aspect-ratio:var(--video-aspect-ratio)}.elementor-widget-video .elementor-wrapper iframe,.elementor-widget-video .elementor-wrapper video{height:100%;width:100%;display:flex;border:none;background-color:#000}@supports not (aspect-ratio:1\/1){.elementor-widget-video .elementor-wrapper{position:relative;overflow:hidden;height:0;padding-bottom:calc(100% \/ var(--video-aspect-ratio))}.elementor-widget-video .elementor-wrapper iframe,.elementor-widget-video .elementor-wrapper video{position:absolute;top:0;right:0;bottom:0;left:0}}.elementor-widget-video .elementor-open-inline .elementor-custom-embed-image-overlay{position:absolute;top:0;right:0;bottom:0;left:0;background-size:cover;background-position:50%}.elementor-widget-video .elementor-custom-embed-image-overlay{cursor:pointer;text-align:center}.elementor-widget-video .elementor-custom-embed-image-overlay:hover .elementor-custom-embed-play i{opacity:1}.elementor-widget-video .elementor-custom-embed-image-overlay img{display:block;width:100%;aspect-ratio:var(--video-aspect-ratio);-o-object-fit:cover;object-fit:cover;-o-object-position:center center;object-position:center center}@supports not (aspect-ratio:1\/1){.elementor-widget-video .elementor-custom-embed-image-overlay{position:relative;overflow:hidden;height:0;padding-bottom:calc(100% \/ var(--video-aspect-ratio))}.elementor-widget-video .elementor-custom-embed-image-overlay img{position:absolute;top:0;right:0;bottom:0;left:0}}.elementor-widget-video .e-hosted-video .elementor-video{-o-object-fit:cover;object-fit:cover}.e-con-inner>.elementor-widget-video,.e-con>.elementor-widget-video{width:var(--container-widget-width);--flex-grow:var(--container-widget-flex-grow)}<\/style>\t\t<div class=\"elementor-wrapper elementor-open-inline\">\n\t\t\t<div class=\"elementor-video\"><\/div>\t\t<\/div>\n\t\t\t\t<\/div>\n\t\t\t\t<\/div>\n\t\t\t\t\t<\/div>\n\t\t\t\t<\/div>\n\t\t\t\t<section class=\"elementor-section elementor-top-section elementor-element elementor-element-7a2ed98d elementor-section-boxed elementor-section-height-default elementor-section-height-default\" data-id=\"7a2ed98d\" data-element_type=\"section\">\n\t\t\t\t\t\t<div class=\"elementor-container elementor-column-gap-default\">\n\t\t\t\t\t<div class=\"elementor-column elementor-col-100 elementor-top-column elementor-element elementor-element-30f8968b\" data-id=\"30f8968b\" data-element_type=\"column\">\n\t\t\t<div class=\"elementor-widget-wrap elementor-element-populated\">\n\t\t\t\t\t\t<div class=\"elementor-element elementor-element-0e02d8e elementor-widget elementor-widget-text-editor\" data-id=\"0e02d8e\" data-element_type=\"widget\" data-widget_type=\"text-editor.default\">\n\t\t\t\t<div class=\"elementor-widget-container\">\n\t\t\t<style>\/*! elementor - v3.22.0 - 05-06-2024 *\/\n.elementor-widget-text-editor.elementor-drop-cap-view-stacked .elementor-drop-cap{background-color:#69727d;color:#fff}.elementor-widget-text-editor.elementor-drop-cap-view-framed .elementor-drop-cap{color:#69727d;border:3px solid;background-color:transparent}.elementor-widget-text-editor:not(.elementor-drop-cap-view-default) .elementor-drop-cap{margin-top:8px}.elementor-widget-text-editor:not(.elementor-drop-cap-view-default) .elementor-drop-cap-letter{width:1em;height:1em}.elementor-widget-text-editor .elementor-drop-cap{float:left;text-align:center;line-height:1;font-size:50px}.elementor-widget-text-editor .elementor-drop-cap-letter{display:inline-block}<\/style>\t\t\t\t<h6>Uzman Al\u00fcminyum, 2002 y\u0131l\u0131nda Muharrem DO\u011eAN taraf\u0131ndan \u015fah\u0131s \u015firketi olarak kurulmu\u015f olup 2014 y\u0131l\u0131nda, hizmetlerine limited \u015firket olarak devam etmektedir. Al\u00fcminyum, Pvc ve \u00c7elik Kap\u0131 sekt\u00f6r\u00fcnde faaliyet g\u00f6stermektedir.&nbsp;<\/h6>\n<h6>Kurulu\u015fumuzdan bu yana, m\u00fc\u015fterilerimize yenilik\u00e7i ve kaliteli \u00e7\u00f6z\u00fcmler sunma misyonuyla hareket etmekteyiz.<\/h6>\n<h2><u>Misyonumuz:<\/u>&nbsp;<\/h2>\n<h6>Uzman Al\u00fcminyum olarak misyonumuz, m\u00fc\u015fterilerimizin ihtiya\u00e7lar\u0131n\u0131 en iyi \u015fekilde kar\u015f\u0131layarak, onlara de\u011fer katan ve hayatlar\u0131n\u0131 kolayla\u015ft\u0131ran \u00fcr\u00fcnler ve hizmetler sunmakt\u0131r. Bu do\u011frultuda, s\u00fcrekli olarak kendimizi yenileyerek ve teknolojik geli\u015fmeleri yak\u0131ndan takip ederek sekt\u00f6rdeki lider konumumuzu korumaktay\u0131z.<\/h6>\n<h2>V<u>izyonumuz:<\/u><\/h2>\n<h6>S\u00fcrd\u00fcr\u00fclebilir b\u00fcy\u00fcme ve inovasyon ile m\u00fc\u015fterilerimizin ve payda\u015flar\u0131m\u0131z\u0131n beklentilerini a\u015farak, topluma ve \u00e7evreye katk\u0131da bulunmakt\u0131r.<\/h6>\n<h2><u>Hizmetlerimiz\/\u00dcr\u00fcnlerimiz:<\/u><\/h2>\n<h6>Al\u00fcminyum Do\u011frama \u0130malat\u0131: Son teknoloji makinelerle al\u00fcminyum kesim ve i\u015fleme ve montaj<\/h6>\n<h6>Katlan\u0131r Cam imalat\u0131: Sekt\u00f6r\u00fcn \u00f6nde gelen markalar\u0131n\u0131n imalat\u0131<\/h6>\n<h6>\u00c7elik Kap\u0131 Bayili\u011fi: Sekt\u00f6r\u00fcn \u00f6nde gelen \u00e7elik kap\u0131 markalar\u0131n\u0131n sat\u0131\u015f\u0131<\/h6>\n<h2><u>De\u011ferlerimiz:<\/u><\/h2>\n<h2><u>M\u00fc\u015fteri Odakl\u0131l\u0131k:&nbsp;<\/u><\/h2>\n<h6>M\u00fc\u015fterilerimizin ihtiya\u00e7 ve beklentilerini anlamak ve onlara en iyi \u00e7\u00f6z\u00fcmleri sunmak \u00f6nceli\u011fimizdir.<\/h6>\n<h2>K<u>alite:&nbsp;<\/u><\/h2>\n<h6>\u00dcr\u00fcn ve hizmetlerimizde en y\u00fcksek kalite standartlar\u0131n\u0131 korumaya \u00f6zen g\u00f6steririz.<\/h6>\n<h2>\u0130no<u>vasyon:&nbsp;<\/u><\/h2>\n<h6>S\u00fcrekli geli\u015fim ve yenilik\u00e7ilik anlay\u0131\u015f\u0131yla \u00e7al\u0131\u015f\u0131r\u0131z.<\/h6>\n<h2>S<u>\u00fcrd\u00fcr\u00fclebilirlik:<\/u><\/h2>\n<h6>\u00c7evresel ve sosyal sorumluluklar\u0131m\u0131z\u0131n bilincinde hareket ederiz.<\/h6>\n<h2>E<u>kibimiz:<\/u><\/h2>\n<h6>Uzman Al\u00fcminyum, alan\u0131nda uzman ve deneyimli bir ekip ile \u00e7al\u0131\u015fmaktad\u0131r. Ekibimiz, profesyonel yetkinliklerini s\u00fcrekli olarak geli\u015ftirmekte ve m\u00fc\u015fterilerimize en iyi hizmeti sunmak i\u00e7in \u00e7aba g\u00f6stermektedir.<\/h6>\n<h6>\u0130leti\u015fim:Daha fazla bilgi i\u00e7in 05326834967 numaral\u0131 telefondan ve info@uzmanalm.com e-posta adresinden bizimle ileti\u015fime ge\u00e7ebilirsiniz.<\/h6>\n<h6>\u00c7al\u0131\u015fma Saatlerimiz: Pazar g\u00fcn\u00fc hari\u00e7 haftan\u0131n her g\u00fcn\u00fc 08:00 ile 18:00 aras\u0131nda hizmetinizdeyiz.<\/h6>\n<h6>&nbsp;<\/h6>\t\t\t\t\t\t<\/div>\n\t\t\t\t<\/div>\n\t\t\t\t<div class=\"elementor-element elementor-element-07ae538 elementor-widget elementor-widget-google_maps\" data-id=\"07ae538\" data-element_type=\"widget\" data-widget_type=\"google_maps.default\">\n\t\t\t\t<div class=\"elementor-widget-container\">\n\t\t\t<style>\/*! elementor - v3.22.0 - 05-06-2024 *\/\n.elementor-widget-google_maps .elementor-widget-container{overflow:hidden}.elementor-widget-google_maps .elementor-custom-embed{line-height:0}.elementor-widget-google_maps iframe{height:300px}<\/style>\t\t<div class=\"elementor-custom-embed\">\n\t\t\t<iframe loading=\"lazy\"\n\t\t\t\t\tsrc=\"https:\/\/maps.google.com\/maps?q=S%C4%B1rr%C4%B1pa%C5%9Fa%20Mahallesi%20Vatan%20Caddesi%20No%2033%20Derince%20Kocaeli&#038;t=m&#038;z=10&#038;output=embed&#038;iwloc=near\"\n\t\t\t\t\ttitle=\"S\u0131rr\u0131pa\u015fa Mahallesi Vatan Caddesi No 33 Derince Kocaeli\"\n\t\t\t\t\taria-label=\"S\u0131rr\u0131pa\u015fa Mahallesi Vatan Caddesi No 33 Derince Kocaeli\"\n\t\t\t><\/iframe>\n\t\t<\/div>\n\t\t\t\t<\/div>\n\t\t\t\t<\/div>\n\t\t\t\t\t<\/div>\n\t\t<\/div>\n\t\t\t\t\t<\/div>\n\t\t<\/section>\n\t\t\t\t<\/div>\n\t\t<\/div>","pwapp_post_content_type":"postprocessed2","pwapp_preview_type":"excerpt","androapp_failover_post_content_type":"","share_text":"https:\/\/www.youtube.com\/watch?v=DpUQfbnp9k4 Uzman Al\u00fcminyum, 2002 y\u0131l\u0131nda Muharrem DO\u011eAN taraf\u0131ndan \u015fah\u0131s \u015firketi olarak kurulmu\u015f olup 2014 y\u0131l\u0131nda, hizmetlerine limited \u015firket olarak devam etmektedir. Al\u00fcminyum, Pvc ve \u00c7elik Kap\u0131 sekt\u00f6r\u00fcnde faaliyet g\u00f6stermektedir.&nbsp; Kurulu\u015fumuzdan bu yana, m\u00fc\u015fterilerimize yenilik\u00e7i ve kaliteli \u00e7\u00f6z\u00fcmler sunma misyonuyla hareket etmekteyiz. Misyonumuz:&nbsp; Uzman Al\u00fcminyum olarak misyonumuz, m\u00fc\u015fterilerimizin ihtiya\u00e7lar\u0131n\u0131 en iyi \u015fekilde kar\u015f\u0131layarak, onlara de\u011fer katan [&hellip;]\n\nvia https:\/\/uzmanaluminyum.com\/index.php\/hakkimizda\/","androapp_comments_count":0,"supercache":"androappsupercache","_links":{"self":[{"href":"https:\/\/uzmanaluminyum.com\/index.php\/wp-json\/wp\/v2\/pages\/1078","targetHints":{"allow":["GET"]}}],"collection":[{"href":"https:\/\/uzmanaluminyum.com\/index.php\/wp-json\/wp\/v2\/pages"}],"about":[{"href":"https:\/\/uzmanaluminyum.com\/index.php\/wp-json\/wp\/v2\/types\/page"}],"author":[{"embeddable":true,"href":"https:\/\/uzmanaluminyum.com\/index.php\/wp-json\/wp\/v2\/users\/1"}],"replies":[{"embeddable":true,"href":"https:\/\/uzmanaluminyum.com\/index.php\/wp-json\/wp\/v2\/comments?post=1078"}],"version-history":[{"count":45,"href":"https:\/\/uzmanaluminyum.com\/index.php\/wp-json\/wp\/v2\/pages\/1078\/revisions"}],"predecessor-version":[{"id":1991,"href":"https:\/\/uzmanaluminyum.com\/index.php\/wp-json\/wp\/v2\/pages\/1078\/revisions\/1991"}],"wp:attachment":[{"href":"https:\/\/uzmanaluminyum.com\/index.php\/wp-json\/wp\/v2\/media?parent=1078"}],"curies":[{"name":"wp","href":"https:\/\/api.w.org\/{rel}","templated":true}]}}